{"id":418,"date":"2025-11-14T22:43:55","date_gmt":"2025-11-14T22:43:55","guid":{"rendered":"https:\/\/www.azescaperoom.es\/escaperoomterror\/?page_id=418"},"modified":"2025-12-27T20:04:27","modified_gmt":"2025-12-27T20:04:27","slug":"the-exam-abduction","status":"publish","type":"page","link":"https:\/\/www.azescaperoom.es\/escaperoomterror\/the-exam-abduction\/","title":{"rendered":"The exam &#8211; Abduction"},"content":{"rendered":"<p>[et_pb_section fb_built=&#8221;1&#8243; _builder_version=&#8221;4.22.2&#8243; _module_preset=&#8221;default&#8221; background_image=&#8221;https:\/\/www.azescaperoom.es\/escaperoomterror\/wp-content\/uploads\/2023\/11\/att-gal.webp&#8221; global_colors_info=&#8221;{}&#8221;][et_pb_row _builder_version=&#8221;4.22.2&#8243; _module_preset=&#8221;default&#8221; global_colors_info=&#8221;{}&#8221;][et_pb_column type=&#8221;4_4&#8243; _builder_version=&#8221;4.22.2&#8243; _module_preset=&#8221;default&#8221; global_colors_info=&#8221;{}&#8221;][et_pb_text _builder_version=&#8221;4.22.2&#8243; _module_preset=&#8221;default&#8221; text_font_size=&#8221;96px&#8221; header_2_font=&#8221;Acme|700|||||||&#8221; header_2_text_align=&#8221;center&#8221; header_2_text_color=&#8221;#FFFFFF&#8221; header_2_font_size=&#8221;45px&#8221; global_colors_info=&#8221;{}&#8221;]<\/p>\n<h2><span style=\"color: #00ffff;\">THE EXAM &#8211; ABDUCTION BILBAO<\/span><\/h2>\n<p>[\/et_pb_text][\/et_pb_column][\/et_pb_row][et_pb_row column_structure=&#8221;1_3,2_3&#8243; _builder_version=&#8221;4.22.2&#8243; _module_preset=&#8221;default&#8221; global_colors_info=&#8221;{}&#8221;][et_pb_column type=&#8221;1_3&#8243; _builder_version=&#8221;4.22.2&#8243; _module_preset=&#8221;default&#8221; global_colors_info=&#8221;{}&#8221;][et_pb_image src=&#8221;https:\/\/www.azescaperoom.es\/escaperoomterror\/wp-content\/uploads\/2025\/12\/The-exam.jpg&#8221; title_text=&#8221;The exam&#8221; align=&#8221;center&#8221; _builder_version=&#8221;4.22.2&#8243; _module_preset=&#8221;default&#8221; module_alignment=&#8221;center&#8221; custom_padding=&#8221;|0px||||&#8221; global_colors_info=&#8221;{}&#8221;][\/et_pb_image][\/et_pb_column][et_pb_column type=&#8221;2_3&#8243; _builder_version=&#8221;4.22.2&#8243; _module_preset=&#8221;default&#8221; global_colors_info=&#8221;{}&#8221;][et_pb_text _builder_version=&#8221;4.22.2&#8243; _module_preset=&#8221;default&#8221; text_text_color=&#8221;#FFFFFF&#8221; text_font_size=&#8221;18px&#8221; global_colors_info=&#8221;{}&#8221;]<\/p>\n<p style=\"text-align: justify;\"><span><\/span><\/p>\n<p style=\"text-align: justify;\"><span>Bienvenidos a The exam, un test real creado por Abduction que os pondr\u00e1 a prueba f\u00edsica y mentalmente.<\/span><\/p>\n<p style=\"text-align: justify;\"><span><\/span><\/p>\n<p style=\"text-align: justify;\"><span><strong data-start=\"0\" data-end=\"14\">The Exam\u201d<\/strong> es un proyecto creado por el colectivo <strong data-start=\"54\" data-end=\"67\">Abduction<\/strong>, conocido por dise\u00f1ar experiencias inmersivas. Se trata de un <strong data-start=\"141\" data-end=\"167\" data-is-only-node=\"\">test real y presencial<\/strong> que mezcla elementos de l\u00f3gica, <em data-start=\"207\" data-end=\"226\">juego psicol\u00f3gico<\/em>, <em data-start=\"228\" data-end=\"248\">resistencia f\u00edsica<\/em> y <em data-start=\"251\" data-end=\"284\">toma de decisiones bajo presi\u00f3n<\/em>.<\/span><\/p>\n<p>[\/et_pb_text][\/et_pb_column][\/et_pb_row][\/et_pb_section][et_pb_section fb_built=&#8221;1&#8243; _builder_version=&#8221;4.22.2&#8243; _module_preset=&#8221;default&#8221; background_image=&#8221;https:\/\/www.azescaperoom.es\/escaperoomterror\/wp-content\/uploads\/2023\/11\/reviews-bg.webp&#8221; background_position=&#8221;top_center&#8221; custom_padding=&#8221;0px||0px|||&#8221; global_colors_info=&#8221;{}&#8221;][et_pb_row _builder_version=&#8221;4.22.2&#8243; _module_preset=&#8221;default&#8221; locked=&#8221;off&#8221; global_colors_info=&#8221;{}&#8221;][et_pb_column type=&#8221;4_4&#8243; _builder_version=&#8221;4.22.2&#8243; _module_preset=&#8221;default&#8221; global_colors_info=&#8221;{}&#8221;][et_pb_text _builder_version=&#8221;4.22.2&#8243; _module_preset=&#8221;default&#8221; header_2_font=&#8221;Acme|700|||||||&#8221; header_2_text_align=&#8221;center&#8221; header_2_text_color=&#8221;#cccccc&#8221; header_2_font_size=&#8221;35px&#8221; header_2_line_height=&#8221;1.2em&#8221; custom_margin=&#8221;25px||||false|false&#8221; global_colors_info=&#8221;{}&#8221;]<\/p>\n<h2><span style=\"color: #00c9d3;\">\u00bfPreparado?<\/span><\/h2>\n<p>[\/et_pb_text][\/et_pb_column][\/et_pb_row][\/et_pb_section][et_pb_section fb_built=&#8221;1&#8243; _builder_version=&#8221;4.22.2&#8243; _module_preset=&#8221;default&#8221; background_image=&#8221;https:\/\/www.azescaperoom.es\/escaperoomterror\/wp-content\/uploads\/2023\/11\/tickets-bg.webp&#8221; custom_padding=&#8221;0px|||||&#8221; locked=&#8221;off&#8221; global_colors_info=&#8221;{}&#8221;][et_pb_row _builder_version=&#8221;4.22.2&#8243; _module_preset=&#8221;default&#8221; global_colors_info=&#8221;{}&#8221;][et_pb_column type=&#8221;4_4&#8243; _builder_version=&#8221;4.22.2&#8243; _module_preset=&#8221;default&#8221; global_colors_info=&#8221;{}&#8221;][et_pb_text _builder_version=&#8221;4.22.2&#8243; _module_preset=&#8221;default&#8221; header_2_font=&#8221;Acme|700|||||||&#8221; header_2_text_align=&#8221;center&#8221; header_2_text_color=&#8221;#FFFFFF&#8221; header_2_font_size=&#8221;45px&#8221; global_colors_info=&#8221;{}&#8221;]<\/p>\n<h2><span style=\"color: #00c9d3;\">Reserva<\/span><\/h2>\n<p>[\/et_pb_text][et_pb_code _builder_version=&#8221;4.22.2&#8243; _module_preset=&#8221;default&#8221; locked=&#8221;off&#8221; global_colors_info=&#8221;{}&#8221;]<\/p>\n<div id=\"app\" data-type=\"booking\" data-calendarstyle=\"Dark\" data-textstyle=\"Dark\" data-game=\"101500\" data-calendar=\"101500\" data-lang=\"es\" data-token=\"nUdoRqmFYzHveuFH\"><\/div>\n<p>[\/et_pb_code][\/et_pb_column][\/et_pb_row][\/et_pb_section]<\/p>\n","protected":false},"excerpt":{"rendered":"<p>THE EXAM &#8211; ABDUCTION BILBAO Bienvenidos a The exam, un test real creado por Abduction que os pondr\u00e1 a prueba f\u00edsica y mentalmente. The Exam\u201d es un proyecto creado por el colectivo Abduction, conocido por dise\u00f1ar experiencias inmersivas. Se trata de un test real y presencial que mezcla elementos de l\u00f3gica, juego psicol\u00f3gico, resistencia f\u00edsica [&hellip;]<\/p>\n","protected":false},"author":2,"featured_media":0,"parent":0,"menu_order":0,"comment_status":"closed","ping_status":"closed","template":"","meta":{"_et_pb_use_builder":"on","_et_pb_old_content":"","_et_gb_content_width":"","footnotes":""},"class_list":["post-418","page","type-page","status-publish","hentry"],"yoast_head":"<!-- This site is optimized with the Yoast SEO plugin v21.3 - https:\/\/yoast.com\/wordpress\/plugins\/seo\/ -->\n<title>The exam - Abduction - Escape room Bilbao<\/title>\n<meta name=\"robots\" content=\"index, follow, max-snippet:-1, max-image-preview:large, max-video-preview:-1\" \/>\n<link rel=\"canonical\" href=\"https:\/\/www.azescaperoom.es\/escaperoomterror\/the-exam-abduction\/\" \/>\n<meta property=\"og:locale\" content=\"en_US\" \/>\n<meta property=\"og:type\" content=\"article\" \/>\n<meta property=\"og:title\" content=\"The exam - Abduction - Escape room Bilbao\" \/>\n<meta property=\"og:description\" content=\"THE EXAM - ABDUCTION BILBAO Bienvenidos a The exam, un test real creado por Abduction que os pondr\u00e1 a prueba f\u00edsica y mentalmente. The Exam\u201d es un proyecto creado por el colectivo Abduction, conocido por dise\u00f1ar experiencias inmersivas. Se trata de un test real y presencial que mezcla elementos de l\u00f3gica, juego psicol\u00f3gico, resistencia f\u00edsica [&hellip;]\" \/>\n<meta property=\"og:url\" content=\"https:\/\/www.azescaperoom.es\/escaperoomterror\/the-exam-abduction\/\" \/>\n<meta property=\"og:site_name\" content=\"Escape room Bilbao\" \/>\n<meta property=\"article:modified_time\" content=\"2025-12-27T20:04:27+00:00\" \/>\n<meta name=\"twitter:card\" content=\"summary_large_image\" \/>\n<meta name=\"twitter:label1\" content=\"Est. reading time\" \/>\n\t<meta name=\"twitter:data1\" content=\"2 minutes\" \/>\n<script type=\"application\/ld+json\" class=\"yoast-schema-graph\">{\"@context\":\"https:\/\/schema.org\",\"@graph\":[{\"@type\":\"WebPage\",\"@id\":\"https:\/\/www.azescaperoom.es\/escaperoomterror\/the-exam-abduction\/\",\"url\":\"https:\/\/www.azescaperoom.es\/escaperoomterror\/the-exam-abduction\/\",\"name\":\"The exam - Abduction - Escape room Bilbao\",\"isPartOf\":{\"@id\":\"https:\/\/www.azescaperoom.es\/escaperoomterror\/#website\"},\"datePublished\":\"2025-11-14T22:43:55+00:00\",\"dateModified\":\"2025-12-27T20:04:27+00:00\",\"breadcrumb\":{\"@id\":\"https:\/\/www.azescaperoom.es\/escaperoomterror\/the-exam-abduction\/#breadcrumb\"},\"inLanguage\":\"en-US\",\"potentialAction\":[{\"@type\":\"ReadAction\",\"target\":[\"https:\/\/www.azescaperoom.es\/escaperoomterror\/the-exam-abduction\/\"]}]},{\"@type\":\"BreadcrumbList\",\"@id\":\"https:\/\/www.azescaperoom.es\/escaperoomterror\/the-exam-abduction\/#breadcrumb\",\"itemListElement\":[{\"@type\":\"ListItem\",\"position\":1,\"name\":\"Portada\",\"item\":\"https:\/\/www.azescaperoom.es\/escaperoomterror\/\"},{\"@type\":\"ListItem\",\"position\":2,\"name\":\"The exam &#8211; Abduction\"}]},{\"@type\":\"WebSite\",\"@id\":\"https:\/\/www.azescaperoom.es\/escaperoomterror\/#website\",\"url\":\"https:\/\/www.azescaperoom.es\/escaperoomterror\/\",\"name\":\"Escape Room Cruces del diablo\",\"description\":\"Bluescape Room\",\"publisher\":{\"@id\":\"https:\/\/www.azescaperoom.es\/escaperoomterror\/#organization\"},\"potentialAction\":[{\"@type\":\"SearchAction\",\"target\":{\"@type\":\"EntryPoint\",\"urlTemplate\":\"https:\/\/www.azescaperoom.es\/escaperoomterror\/?s={search_term_string}\"},\"query-input\":\"required name=search_term_string\"}],\"inLanguage\":\"en-US\"},{\"@type\":\"Organization\",\"@id\":\"https:\/\/www.azescaperoom.es\/escaperoomterror\/#organization\",\"name\":\"Cruces del diablo\",\"url\":\"https:\/\/www.azescaperoom.es\/escaperoomterror\/\",\"logo\":{\"@type\":\"ImageObject\",\"inLanguage\":\"en-US\",\"@id\":\"https:\/\/www.azescaperoom.es\/escaperoomterror\/#\/schema\/logo\/image\/\",\"url\":\"https:\/\/www.azescaperoom.es\/escaperoomterror\/wp-content\/uploads\/2023\/10\/Logo-cruces.jpg\",\"contentUrl\":\"https:\/\/www.azescaperoom.es\/escaperoomterror\/wp-content\/uploads\/2023\/10\/Logo-cruces.jpg\",\"width\":640,\"height\":832,\"caption\":\"Cruces del diablo\"},\"image\":{\"@id\":\"https:\/\/www.azescaperoom.es\/escaperoomterror\/#\/schema\/logo\/image\/\"}}]}<\/script>\n<!-- \/ Yoast SEO plugin. -->","yoast_head_json":{"title":"The exam - Abduction - Escape room Bilbao","robots":{"index":"index","follow":"follow","max-snippet":"max-snippet:-1","max-image-preview":"max-image-preview:large","max-video-preview":"max-video-preview:-1"},"canonical":"https:\/\/www.azescaperoom.es\/escaperoomterror\/the-exam-abduction\/","og_locale":"en_US","og_type":"article","og_title":"The exam - Abduction - Escape room Bilbao","og_description":"THE EXAM - ABDUCTION BILBAO Bienvenidos a The exam, un test real creado por Abduction que os pondr\u00e1 a prueba f\u00edsica y mentalmente. The Exam\u201d es un proyecto creado por el colectivo Abduction, conocido por dise\u00f1ar experiencias inmersivas. Se trata de un test real y presencial que mezcla elementos de l\u00f3gica, juego psicol\u00f3gico, resistencia f\u00edsica [&hellip;]","og_url":"https:\/\/www.azescaperoom.es\/escaperoomterror\/the-exam-abduction\/","og_site_name":"Escape room Bilbao","article_modified_time":"2025-12-27T20:04:27+00:00","twitter_card":"summary_large_image","twitter_misc":{"Est. reading time":"2 minutes"},"schema":{"@context":"https:\/\/schema.org","@graph":[{"@type":"WebPage","@id":"https:\/\/www.azescaperoom.es\/escaperoomterror\/the-exam-abduction\/","url":"https:\/\/www.azescaperoom.es\/escaperoomterror\/the-exam-abduction\/","name":"The exam - Abduction - Escape room Bilbao","isPartOf":{"@id":"https:\/\/www.azescaperoom.es\/escaperoomterror\/#website"},"datePublished":"2025-11-14T22:43:55+00:00","dateModified":"2025-12-27T20:04:27+00:00","breadcrumb":{"@id":"https:\/\/www.azescaperoom.es\/escaperoomterror\/the-exam-abduction\/#breadcrumb"},"inLanguage":"en-US","potentialAction":[{"@type":"ReadAction","target":["https:\/\/www.azescaperoom.es\/escaperoomterror\/the-exam-abduction\/"]}]},{"@type":"BreadcrumbList","@id":"https:\/\/www.azescaperoom.es\/escaperoomterror\/the-exam-abduction\/#breadcrumb","itemListElement":[{"@type":"ListItem","position":1,"name":"Portada","item":"https:\/\/www.azescaperoom.es\/escaperoomterror\/"},{"@type":"ListItem","position":2,"name":"The exam &#8211; Abduction"}]},{"@type":"WebSite","@id":"https:\/\/www.azescaperoom.es\/escaperoomterror\/#website","url":"https:\/\/www.azescaperoom.es\/escaperoomterror\/","name":"Escape Room Cruces del diablo","description":"Bluescape Room","publisher":{"@id":"https:\/\/www.azescaperoom.es\/escaperoomterror\/#organization"},"potentialAction":[{"@type":"SearchAction","target":{"@type":"EntryPoint","urlTemplate":"https:\/\/www.azescaperoom.es\/escaperoomterror\/?s={search_term_string}"},"query-input":"required name=search_term_string"}],"inLanguage":"en-US"},{"@type":"Organization","@id":"https:\/\/www.azescaperoom.es\/escaperoomterror\/#organization","name":"Cruces del diablo","url":"https:\/\/www.azescaperoom.es\/escaperoomterror\/","logo":{"@type":"ImageObject","inLanguage":"en-US","@id":"https:\/\/www.azescaperoom.es\/escaperoomterror\/#\/schema\/logo\/image\/","url":"https:\/\/www.azescaperoom.es\/escaperoomterror\/wp-content\/uploads\/2023\/10\/Logo-cruces.jpg","contentUrl":"https:\/\/www.azescaperoom.es\/escaperoomterror\/wp-content\/uploads\/2023\/10\/Logo-cruces.jpg","width":640,"height":832,"caption":"Cruces del diablo"},"image":{"@id":"https:\/\/www.azescaperoom.es\/escaperoomterror\/#\/schema\/logo\/image\/"}}]}},"_links":{"self":[{"href":"https:\/\/www.azescaperoom.es\/escaperoomterror\/wp-json\/wp\/v2\/pages\/418","targetHints":{"allow":["GET"]}}],"collection":[{"href":"https:\/\/www.azescaperoom.es\/escaperoomterror\/wp-json\/wp\/v2\/pages"}],"about":[{"href":"https:\/\/www.azescaperoom.es\/escaperoomterror\/wp-json\/wp\/v2\/types\/page"}],"author":[{"embeddable":true,"href":"https:\/\/www.azescaperoom.es\/escaperoomterror\/wp-json\/wp\/v2\/users\/2"}],"replies":[{"embeddable":true,"href":"https:\/\/www.azescaperoom.es\/escaperoomterror\/wp-json\/wp\/v2\/comments?post=418"}],"version-history":[{"count":12,"href":"https:\/\/www.azescaperoom.es\/escaperoomterror\/wp-json\/wp\/v2\/pages\/418\/revisions"}],"predecessor-version":[{"id":511,"href":"https:\/\/www.azescaperoom.es\/escaperoomterror\/wp-json\/wp\/v2\/pages\/418\/revisions\/511"}],"wp:attachment":[{"href":"https:\/\/www.azescaperoom.es\/escaperoomterror\/wp-json\/wp\/v2\/media?parent=418"}],"curies":[{"name":"wp","href":"https:\/\/api.w.org\/{rel}","templated":true}]}}