{"id":261,"date":"2024-12-26T19:13:25","date_gmt":"2024-12-26T19:13:25","guid":{"rendered":"https:\/\/www.azescaperoom.es\/escaperoomterror\/?page_id=261"},"modified":"2025-12-30T10:06:04","modified_gmt":"2025-12-30T10:06:04","slug":"reserva-silenttown","status":"publish","type":"page","link":"https:\/\/www.azescaperoom.es\/escaperoomterror\/reserva-silenttown\/","title":{"rendered":"Silent town"},"content":{"rendered":"<p>[et_pb_section fb_built=&#8221;1&#8243; _builder_version=&#8221;4.22.2&#8243; _module_preset=&#8221;default&#8221; background_image=&#8221;https:\/\/www.azescaperoom.es\/escaperoomterror\/wp-content\/uploads\/2023\/11\/att-gal.webp&#8221; custom_padding=&#8221;5px||0px|||&#8221; global_colors_info=&#8221;{}&#8221;][et_pb_row _builder_version=&#8221;4.22.2&#8243; _module_preset=&#8221;default&#8221; global_colors_info=&#8221;{}&#8221;][et_pb_column type=&#8221;4_4&#8243; _builder_version=&#8221;4.22.2&#8243; _module_preset=&#8221;default&#8221; global_colors_info=&#8221;{}&#8221;][et_pb_text _builder_version=&#8221;4.22.2&#8243; _module_preset=&#8221;default&#8221; header_2_font=&#8221;Acme|700|||||||&#8221; header_2_text_align=&#8221;center&#8221; header_2_text_color=&#8221;#FFFFFF&#8221; header_2_font_size=&#8221;45px&#8221; custom_margin=&#8221;||29px|||&#8221; global_colors_info=&#8221;{}&#8221;]<\/p>\n<h2><span style=\"color: #00ffff;\">SILENT TOWN<\/span><\/h2>\n<p>[\/et_pb_text][\/et_pb_column][\/et_pb_row][et_pb_row _builder_version=&#8221;4.22.2&#8243; _module_preset=&#8221;default&#8221; custom_padding=&#8221;0px||||false|false&#8221; global_colors_info=&#8221;{}&#8221;][et_pb_column type=&#8221;4_4&#8243; _builder_version=&#8221;4.22.2&#8243; _module_preset=&#8221;default&#8221; global_colors_info=&#8221;{}&#8221;][et_pb_text _builder_version=&#8221;4.22.2&#8243; _module_preset=&#8221;default&#8221; text_font=&#8221;Barlow||||||||&#8221; text_text_color=&#8221;#FFFFFF&#8221; text_font_size=&#8221;18px&#8221; text_line_height=&#8221;1.6em&#8221; text_orientation=&#8221;center&#8221; global_colors_info=&#8221;{}&#8221;]<\/p>\n<p>Salas de terror en Basauri:<\/p>\n<p>[\/et_pb_text][\/et_pb_column][\/et_pb_row][\/et_pb_section][et_pb_section fb_built=&#8221;1&#8243; _builder_version=&#8221;4.22.2&#8243; _module_preset=&#8221;default&#8221; background_image=&#8221;https:\/\/www.azescaperoom.es\/escaperoomterror\/wp-content\/uploads\/2023\/11\/reviews-bg.webp&#8221; custom_padding=&#8221;11px|||||&#8221; global_colors_info=&#8221;{}&#8221;][et_pb_row _builder_version=&#8221;4.22.2&#8243; _module_preset=&#8221;default&#8221; custom_padding=&#8221;||0px|||&#8221; global_colors_info=&#8221;{}&#8221;][et_pb_column type=&#8221;4_4&#8243; _builder_version=&#8221;4.22.2&#8243; _module_preset=&#8221;default&#8221; global_colors_info=&#8221;{}&#8221;][et_pb_video src=&#8221;https:\/\/www.azescaperoom.es\/escaperoomterror\/wp-content\/uploads\/2025\/12\/Silent-Town-Trailer.mp4&#8243; _builder_version=&#8221;4.22.2&#8243; _module_preset=&#8221;default&#8221; width=&#8221;73%&#8221; module_alignment=&#8221;center&#8221; custom_margin=&#8221;100px||||false|false&#8221; hover_enabled=&#8221;0&#8243; global_colors_info=&#8221;{}&#8221; title_text=&#8221;Captura de pantalla 2025-12-30 110535&#8243; image_src=&#8221;https:\/\/www.azescaperoom.es\/escaperoomterror\/wp-content\/uploads\/2025\/12\/Captura-de-pantalla-2025-12-30-110535.png&#8221; sticky_enabled=&#8221;0&#8243;][\/et_pb_video][\/et_pb_column][\/et_pb_row][et_pb_row column_structure=&#8221;1_3,1_3,1_3&#8243; _builder_version=&#8221;4.22.2&#8243; _module_preset=&#8221;default&#8221; custom_margin=&#8221;50px||||false|false&#8221; custom_padding=&#8221;||||false|false&#8221; global_colors_info=&#8221;{}&#8221;][et_pb_column type=&#8221;1_3&#8243; _builder_version=&#8221;4.22.2&#8243; _module_preset=&#8221;default&#8221; global_colors_info=&#8221;{}&#8221;][et_pb_image src=&#8221;https:\/\/www.azescaperoom.es\/escaperoomterror\/wp-content\/uploads\/2025\/06\/775d9c542218273d01312946cb1045eb.jpg&#8221; title_text=&#8221;775d9c542218273d01312946cb1045eb&#8221; align=&#8221;center&#8221; _builder_version=&#8221;4.22.2&#8243; _module_preset=&#8221;default&#8221; width=&#8221;35.5%&#8221; module_alignment=&#8221;center&#8221; global_colors_info=&#8221;{}&#8221;][\/et_pb_image][et_pb_text _builder_version=&#8221;4.22.2&#8243; _module_preset=&#8221;default&#8221; text_text_color=&#8221;#E02B20&#8243; header_2_font=&#8221;Acme|700|||||||&#8221; header_2_text_align=&#8221;left&#8221; header_2_text_color=&#8221;#FFFFFF&#8221; header_2_font_size=&#8221;20px&#8221; header_2_line_height=&#8221;1.2em&#8221; custom_margin=&#8221;-5px||||false|false&#8221; custom_padding=&#8221;1px|||||&#8221; global_colors_info=&#8221;{}&#8221;]<\/p>\n<h2><span style=\"text-decoration: underline;\"><span style=\"color: #ccffff; text-decoration: underline;\">Escape room Silent Town Parte I:<\/span><\/span><\/h2>\n<p>[\/et_pb_text][et_pb_text _builder_version=&#8221;4.22.2&#8243; _module_preset=&#8221;default&#8221; text_font=&#8221;Barlow||||||||&#8221; text_text_color=&#8221;#FFFFFF&#8221; text_font_size=&#8221;15px&#8221; text_line_height=&#8221;1.6em&#8221; custom_margin=&#8221;-35px||||false|false&#8221; locked=&#8221;off&#8221; global_colors_info=&#8221;{}&#8221;]<\/p>\n<p style=\"text-align: justify;\"><span>Acabas de sufrir un accidente en coche, te levantas y tu hija ha desaparecido. \u00bfD\u00f3nde estar\u00e1?<\/span><\/p>\n<p>Jugadores: <span style=\"color: #0cc9d3;\">de 2 a 6 personas<\/span><span><\/span><\/p>\n<p>Tiempo:<span style=\"color: #00c9d3;\"> de 90 a 100 minutos<\/span><\/p>\n<p><span><\/span><\/p>\n<p>[\/et_pb_text][et_pb_button button_url=&#8221;https:\/\/www.azescaperoom.es\/escaperoomterror\/escaperoom-silenthill-1&#8243; button_text=&#8221;Saber m\u00e1s&#8221; button_alignment=&#8221;center&#8221; _builder_version=&#8221;4.22.2&#8243; _module_preset=&#8221;default&#8221; custom_button=&#8221;on&#8221; button_text_color=&#8221;#FFFFFF&#8221; button_bg_color=&#8221;#E02B20&#8243; global_colors_info=&#8221;{}&#8221;][\/et_pb_button][\/et_pb_column][et_pb_column type=&#8221;1_3&#8243; _builder_version=&#8221;4.22.2&#8243; _module_preset=&#8221;default&#8221; global_colors_info=&#8221;{}&#8221;][et_pb_image src=&#8221;https:\/\/www.azescaperoom.es\/escaperoomterror\/wp-content\/uploads\/2025\/06\/c8f1ae7ea566bc2626b6cc29de529544.jpg&#8221; title_text=&#8221;c8f1ae7ea566bc2626b6cc29de529544&#8243; _builder_version=&#8221;4.22.2&#8243; _module_preset=&#8221;default&#8221; width=&#8221;35%&#8221; module_alignment=&#8221;center&#8221; locked=&#8221;off&#8221; global_colors_info=&#8221;{}&#8221;][\/et_pb_image][et_pb_text _builder_version=&#8221;4.22.2&#8243; _module_preset=&#8221;default&#8221; header_2_font=&#8221;Acme|700|||||||&#8221; header_2_text_align=&#8221;left&#8221; header_2_text_color=&#8221;#FFFFFF&#8221; header_2_font_size=&#8221;20px&#8221; header_2_line_height=&#8221;1.2em&#8221; custom_margin=&#8221;-5px||||false|false&#8221; locked=&#8221;off&#8221; global_colors_info=&#8221;{}&#8221;]<\/p>\n<h2 style=\"text-align: justify;\"><span style=\"text-decoration: underline;\"><span style=\"color: #ccffff; text-decoration: underline;\">Escape room Silent Town parte II:<\/span><\/span><\/h2>\n<p>[\/et_pb_text][et_pb_text _builder_version=&#8221;4.22.2&#8243; _module_preset=&#8221;default&#8221; text_font=&#8221;Barlow||||||||&#8221; text_text_color=&#8221;#FFFFFF&#8221; text_font_size=&#8221;15px&#8221; text_line_height=&#8221;1.6em&#8221; custom_margin=&#8221;-35px||||false|false&#8221; locked=&#8221;off&#8221; global_colors_info=&#8221;{}&#8221;]<\/p>\n<p style=\"text-align: justify;\"><span>Vuelves al lugar donde sol\u00edas ir con tu mujer cuando a\u00fan viv\u00eda<\/span>. Ahora solo te queda recordar ese lugar tan especial.<\/p>\n<p>Jugadores: <span style=\"color: #00c9d3;\">de 2 a 6 personas<\/span><\/p>\n<p>Tiempo: <span style=\"color: #00c9d3;\">de 90 a 100 minutos<\/span><\/p>\n<p>&nbsp;<\/p>\n<p>[\/et_pb_text][et_pb_button button_url=&#8221;https:\/\/www.azescaperoom.es\/escaperoomterror\/escape-room-silenthill-2&#8243; button_text=&#8221;Saber m\u00e1s&#8221; button_alignment=&#8221;center&#8221; _builder_version=&#8221;4.22.2&#8243; _module_preset=&#8221;default&#8221; custom_button=&#8221;on&#8221; button_text_color=&#8221;#FFFFFF&#8221; button_bg_color=&#8221;#E02B20&#8243; custom_margin=&#8221;-27px||||false|false&#8221; global_colors_info=&#8221;{}&#8221;][\/et_pb_button][\/et_pb_column][et_pb_column type=&#8221;1_3&#8243; _builder_version=&#8221;4.22.2&#8243; _module_preset=&#8221;default&#8221; global_colors_info=&#8221;{}&#8221;][et_pb_image src=&#8221;https:\/\/www.azescaperoom.es\/escaperoomterror\/wp-content\/uploads\/2025\/06\/2023101722461587_4.jpg&#8221; title_text=&#8221;2023101722461587_4&#8243; align=&#8221;center&#8221; _builder_version=&#8221;4.22.2&#8243; _module_preset=&#8221;default&#8221; width=&#8221;96%&#8221; module_alignment=&#8221;center&#8221; locked=&#8221;off&#8221; global_colors_info=&#8221;{}&#8221;][\/et_pb_image][et_pb_text _builder_version=&#8221;4.22.2&#8243; _module_preset=&#8221;default&#8221; header_2_font=&#8221;Acme|700|||||||&#8221; header_2_text_align=&#8221;left&#8221; header_2_text_color=&#8221;#FFFFFF&#8221; header_2_font_size=&#8221;20px&#8221; header_2_line_height=&#8221;1.2em&#8221; custom_margin=&#8221;-5px||||false|false&#8221; locked=&#8221;off&#8221; global_colors_info=&#8221;{}&#8221;]<\/p>\n<h2><span style=\"text-decoration: underline;\"><span style=\"color: #ccffff; text-decoration: underline;\">Escape room Silent Town Completa:<\/span><\/span><\/h2>\n<p>[\/et_pb_text][et_pb_text _builder_version=&#8221;4.22.2&#8243; _module_preset=&#8221;default&#8221; text_font=&#8221;Barlow||||||||&#8221; text_text_color=&#8221;#FFFFFF&#8221; text_font_size=&#8221;15px&#8221; text_line_height=&#8221;1.6em&#8221; custom_margin=&#8221;-35px||||false|false&#8221; locked=&#8221;off&#8221; global_colors_info=&#8221;{}&#8221;]<\/p>\n<p style=\"text-align: justify;\">Hoy, te toca revivir tu propia subconsciencia. El verdugo te espera&#8230; \u00bfTe atreves a ser juzgado?<\/p>\n<p>Jugadores: <span style=\"color: #00c9d3;\">de 2 a 6 personas<\/span><\/p>\n<p>Tiempo: <span style=\"color: #00c9d3;\">de 180 a 200 minutos<\/span><\/p>\n<p>&nbsp;<\/p>\n<p>[\/et_pb_text][et_pb_button button_url=&#8221;https:\/\/www.azescaperoom.es\/escaperoomterror\/escaperoom-silenthill-full&#8221; button_text=&#8221;Saber m\u00e1s&#8221; button_alignment=&#8221;center&#8221; _builder_version=&#8221;4.22.2&#8243; _module_preset=&#8221;default&#8221; custom_button=&#8221;on&#8221; button_text_color=&#8221;#FFFFFF&#8221; button_bg_color=&#8221;#E02B20&#8243; custom_margin=&#8221;-6px||||false|false&#8221; global_colors_info=&#8221;{}&#8221;][\/et_pb_button][\/et_pb_column][\/et_pb_row][\/et_pb_section]<\/p>\n","protected":false},"excerpt":{"rendered":"<p>SILENT TOWNSalas de terror en Basauri:Escape room Silent Town Parte I:Acabas de sufrir un accidente en coche, te levantas y tu hija ha desaparecido. \u00bfD\u00f3nde estar\u00e1? Jugadores: de 2 a 6 personas Tiempo: de 90 a 100 minutos Escape room Silent Town parte II:Vuelves al lugar donde sol\u00edas ir con tu mujer cuando a\u00fan viv\u00eda. [&hellip;]<\/p>\n","protected":false},"author":2,"featured_media":0,"parent":0,"menu_order":0,"comment_status":"closed","ping_status":"closed","template":"","meta":{"_et_pb_use_builder":"on","_et_pb_old_content":"","_et_gb_content_width":"","footnotes":""},"class_list":["post-261","page","type-page","status-publish","hentry"],"yoast_head":"<!-- This site is optimized with the Yoast SEO plugin v21.3 - https:\/\/yoast.com\/wordpress\/plugins\/seo\/ -->\n<title>Silent town - Escape room Bilbao<\/title>\n<meta name=\"robots\" content=\"index, follow, max-snippet:-1, max-image-preview:large, max-video-preview:-1\" \/>\n<link rel=\"canonical\" href=\"https:\/\/www.azescaperoom.es\/escaperoomterror\/reserva-silenttown\/\" \/>\n<meta property=\"og:locale\" content=\"en_US\" \/>\n<meta property=\"og:type\" content=\"article\" \/>\n<meta property=\"og:title\" content=\"Silent town - Escape room Bilbao\" \/>\n<meta property=\"og:description\" content=\"SILENT TOWNSalas de terror en Basauri:Escape room Silent Town Parte I:Acabas de sufrir un accidente en coche, te levantas y tu hija ha desaparecido. \u00bfD\u00f3nde estar\u00e1? Jugadores: de 2 a 6 personas Tiempo: de 90 a 100 minutos Escape room Silent Town parte II:Vuelves al lugar donde sol\u00edas ir con tu mujer cuando a\u00fan viv\u00eda. [&hellip;]\" \/>\n<meta property=\"og:url\" content=\"https:\/\/www.azescaperoom.es\/escaperoomterror\/reserva-silenttown\/\" \/>\n<meta property=\"og:site_name\" content=\"Escape room Bilbao\" \/>\n<meta property=\"article:modified_time\" content=\"2025-12-30T10:06:04+00:00\" \/>\n<meta name=\"twitter:card\" content=\"summary_large_image\" \/>\n<script type=\"application\/ld+json\" class=\"yoast-schema-graph\">{\"@context\":\"https:\/\/schema.org\",\"@graph\":[{\"@type\":\"WebPage\",\"@id\":\"https:\/\/www.azescaperoom.es\/escaperoomterror\/reserva-silenttown\/\",\"url\":\"https:\/\/www.azescaperoom.es\/escaperoomterror\/reserva-silenttown\/\",\"name\":\"Silent town - Escape room Bilbao\",\"isPartOf\":{\"@id\":\"https:\/\/www.azescaperoom.es\/escaperoomterror\/#website\"},\"datePublished\":\"2024-12-26T19:13:25+00:00\",\"dateModified\":\"2025-12-30T10:06:04+00:00\",\"breadcrumb\":{\"@id\":\"https:\/\/www.azescaperoom.es\/escaperoomterror\/reserva-silenttown\/#breadcrumb\"},\"inLanguage\":\"en-US\",\"potentialAction\":[{\"@type\":\"ReadAction\",\"target\":[\"https:\/\/www.azescaperoom.es\/escaperoomterror\/reserva-silenttown\/\"]}]},{\"@type\":\"BreadcrumbList\",\"@id\":\"https:\/\/www.azescaperoom.es\/escaperoomterror\/reserva-silenttown\/#breadcrumb\",\"itemListElement\":[{\"@type\":\"ListItem\",\"position\":1,\"name\":\"Portada\",\"item\":\"https:\/\/www.azescaperoom.es\/escaperoomterror\/\"},{\"@type\":\"ListItem\",\"position\":2,\"name\":\"Silent town\"}]},{\"@type\":\"WebSite\",\"@id\":\"https:\/\/www.azescaperoom.es\/escaperoomterror\/#website\",\"url\":\"https:\/\/www.azescaperoom.es\/escaperoomterror\/\",\"name\":\"Escape Room Cruces del diablo\",\"description\":\"Bluescape Room\",\"publisher\":{\"@id\":\"https:\/\/www.azescaperoom.es\/escaperoomterror\/#organization\"},\"potentialAction\":[{\"@type\":\"SearchAction\",\"target\":{\"@type\":\"EntryPoint\",\"urlTemplate\":\"https:\/\/www.azescaperoom.es\/escaperoomterror\/?s={search_term_string}\"},\"query-input\":\"required name=search_term_string\"}],\"inLanguage\":\"en-US\"},{\"@type\":\"Organization\",\"@id\":\"https:\/\/www.azescaperoom.es\/escaperoomterror\/#organization\",\"name\":\"Cruces del diablo\",\"url\":\"https:\/\/www.azescaperoom.es\/escaperoomterror\/\",\"logo\":{\"@type\":\"ImageObject\",\"inLanguage\":\"en-US\",\"@id\":\"https:\/\/www.azescaperoom.es\/escaperoomterror\/#\/schema\/logo\/image\/\",\"url\":\"https:\/\/www.azescaperoom.es\/escaperoomterror\/wp-content\/uploads\/2023\/10\/Logo-cruces.jpg\",\"contentUrl\":\"https:\/\/www.azescaperoom.es\/escaperoomterror\/wp-content\/uploads\/2023\/10\/Logo-cruces.jpg\",\"width\":640,\"height\":832,\"caption\":\"Cruces del diablo\"},\"image\":{\"@id\":\"https:\/\/www.azescaperoom.es\/escaperoomterror\/#\/schema\/logo\/image\/\"}}]}<\/script>\n<!-- \/ Yoast SEO plugin. -->","yoast_head_json":{"title":"Silent town - Escape room Bilbao","robots":{"index":"index","follow":"follow","max-snippet":"max-snippet:-1","max-image-preview":"max-image-preview:large","max-video-preview":"max-video-preview:-1"},"canonical":"https:\/\/www.azescaperoom.es\/escaperoomterror\/reserva-silenttown\/","og_locale":"en_US","og_type":"article","og_title":"Silent town - Escape room Bilbao","og_description":"SILENT TOWNSalas de terror en Basauri:Escape room Silent Town Parte I:Acabas de sufrir un accidente en coche, te levantas y tu hija ha desaparecido. \u00bfD\u00f3nde estar\u00e1? Jugadores: de 2 a 6 personas Tiempo: de 90 a 100 minutos Escape room Silent Town parte II:Vuelves al lugar donde sol\u00edas ir con tu mujer cuando a\u00fan viv\u00eda. [&hellip;]","og_url":"https:\/\/www.azescaperoom.es\/escaperoomterror\/reserva-silenttown\/","og_site_name":"Escape room Bilbao","article_modified_time":"2025-12-30T10:06:04+00:00","twitter_card":"summary_large_image","schema":{"@context":"https:\/\/schema.org","@graph":[{"@type":"WebPage","@id":"https:\/\/www.azescaperoom.es\/escaperoomterror\/reserva-silenttown\/","url":"https:\/\/www.azescaperoom.es\/escaperoomterror\/reserva-silenttown\/","name":"Silent town - Escape room Bilbao","isPartOf":{"@id":"https:\/\/www.azescaperoom.es\/escaperoomterror\/#website"},"datePublished":"2024-12-26T19:13:25+00:00","dateModified":"2025-12-30T10:06:04+00:00","breadcrumb":{"@id":"https:\/\/www.azescaperoom.es\/escaperoomterror\/reserva-silenttown\/#breadcrumb"},"inLanguage":"en-US","potentialAction":[{"@type":"ReadAction","target":["https:\/\/www.azescaperoom.es\/escaperoomterror\/reserva-silenttown\/"]}]},{"@type":"BreadcrumbList","@id":"https:\/\/www.azescaperoom.es\/escaperoomterror\/reserva-silenttown\/#breadcrumb","itemListElement":[{"@type":"ListItem","position":1,"name":"Portada","item":"https:\/\/www.azescaperoom.es\/escaperoomterror\/"},{"@type":"ListItem","position":2,"name":"Silent town"}]},{"@type":"WebSite","@id":"https:\/\/www.azescaperoom.es\/escaperoomterror\/#website","url":"https:\/\/www.azescaperoom.es\/escaperoomterror\/","name":"Escape Room Cruces del diablo","description":"Bluescape Room","publisher":{"@id":"https:\/\/www.azescaperoom.es\/escaperoomterror\/#organization"},"potentialAction":[{"@type":"SearchAction","target":{"@type":"EntryPoint","urlTemplate":"https:\/\/www.azescaperoom.es\/escaperoomterror\/?s={search_term_string}"},"query-input":"required name=search_term_string"}],"inLanguage":"en-US"},{"@type":"Organization","@id":"https:\/\/www.azescaperoom.es\/escaperoomterror\/#organization","name":"Cruces del diablo","url":"https:\/\/www.azescaperoom.es\/escaperoomterror\/","logo":{"@type":"ImageObject","inLanguage":"en-US","@id":"https:\/\/www.azescaperoom.es\/escaperoomterror\/#\/schema\/logo\/image\/","url":"https:\/\/www.azescaperoom.es\/escaperoomterror\/wp-content\/uploads\/2023\/10\/Logo-cruces.jpg","contentUrl":"https:\/\/www.azescaperoom.es\/escaperoomterror\/wp-content\/uploads\/2023\/10\/Logo-cruces.jpg","width":640,"height":832,"caption":"Cruces del diablo"},"image":{"@id":"https:\/\/www.azescaperoom.es\/escaperoomterror\/#\/schema\/logo\/image\/"}}]}},"_links":{"self":[{"href":"https:\/\/www.azescaperoom.es\/escaperoomterror\/wp-json\/wp\/v2\/pages\/261","targetHints":{"allow":["GET"]}}],"collection":[{"href":"https:\/\/www.azescaperoom.es\/escaperoomterror\/wp-json\/wp\/v2\/pages"}],"about":[{"href":"https:\/\/www.azescaperoom.es\/escaperoomterror\/wp-json\/wp\/v2\/types\/page"}],"author":[{"embeddable":true,"href":"https:\/\/www.azescaperoom.es\/escaperoomterror\/wp-json\/wp\/v2\/users\/2"}],"replies":[{"embeddable":true,"href":"https:\/\/www.azescaperoom.es\/escaperoomterror\/wp-json\/wp\/v2\/comments?post=261"}],"version-history":[{"count":21,"href":"https:\/\/www.azescaperoom.es\/escaperoomterror\/wp-json\/wp\/v2\/pages\/261\/revisions"}],"predecessor-version":[{"id":550,"href":"https:\/\/www.azescaperoom.es\/escaperoomterror\/wp-json\/wp\/v2\/pages\/261\/revisions\/550"}],"wp:attachment":[{"href":"https:\/\/www.azescaperoom.es\/escaperoomterror\/wp-json\/wp\/v2\/media?parent=261"}],"curies":[{"name":"wp","href":"https:\/\/api.w.org\/{rel}","templated":true}]}}