{"id":257,"date":"2024-12-26T19:18:20","date_gmt":"2024-12-26T19:18:20","guid":{"rendered":"https:\/\/www.azescaperoom.es\/escaperoomterror\/?page_id=257"},"modified":"2025-12-30T10:09:46","modified_gmt":"2025-12-30T10:09:46","slug":"escaperoom-silenthill-full","status":"publish","type":"page","link":"https:\/\/www.azescaperoom.es\/escaperoomterror\/escaperoom-silenthill-full\/","title":{"rendered":"Silent Town completa"},"content":{"rendered":"<p>[et_pb_section fb_built=&#8221;1&#8243; _builder_version=&#8221;4.22.2&#8243; _module_preset=&#8221;default&#8221; background_image=&#8221;https:\/\/www.azescaperoom.es\/escaperoomterror\/wp-content\/uploads\/2023\/11\/att-gal.webp&#8221; global_colors_info=&#8221;{}&#8221;][et_pb_row _builder_version=&#8221;4.22.2&#8243; _module_preset=&#8221;default&#8221; global_colors_info=&#8221;{}&#8221;][et_pb_column type=&#8221;4_4&#8243; _builder_version=&#8221;4.22.2&#8243; _module_preset=&#8221;default&#8221; global_colors_info=&#8221;{}&#8221;][et_pb_text _builder_version=&#8221;4.22.2&#8243; _module_preset=&#8221;default&#8221; header_2_font=&#8221;Acme|700|||||||&#8221; header_2_text_align=&#8221;center&#8221; header_2_text_color=&#8221;#FFFFFF&#8221; header_2_font_size=&#8221;45px&#8221; global_colors_info=&#8221;{}&#8221;]<\/p>\n<h2><span style=\"color: #00ffff;\">SILENT TOWN &#8211; VERSI\u00d3N COMPLETA<\/span><\/h2>\n<p>[\/et_pb_text][et_pb_video src=&#8221;https:\/\/www.azescaperoom.es\/escaperoomterror\/wp-content\/uploads\/2025\/12\/Silent-Town-Trailer.mp4&#8243; image_src=&#8221;https:\/\/www.azescaperoom.es\/escaperoomterror\/wp-content\/uploads\/2025\/12\/Captura-de-pantalla-2025-12-30-110535.png&#8221; _builder_version=&#8221;4.22.2&#8243; _module_preset=&#8221;default&#8221; global_colors_info=&#8221;{}&#8221;][\/et_pb_video][\/et_pb_column][\/et_pb_row][et_pb_row column_structure=&#8221;2_5,3_5&#8243; _builder_version=&#8221;4.22.2&#8243; _module_preset=&#8221;default&#8221; custom_padding=&#8221;0px||||false|false&#8221; global_colors_info=&#8221;{}&#8221;][et_pb_column type=&#8221;2_5&#8243; _builder_version=&#8221;4.22.2&#8243; _module_preset=&#8221;default&#8221; global_colors_info=&#8221;{}&#8221;][et_pb_text _builder_version=&#8221;4.22.2&#8243; _module_preset=&#8221;default&#8221; text_font=&#8221;Barlow||||||||&#8221; text_text_color=&#8221;#FFFFFF&#8221; text_font_size=&#8221;18px&#8221; text_line_height=&#8221;1.6em&#8221; text_orientation=&#8221;center&#8221; global_colors_info=&#8221;{}&#8221;][\/et_pb_text][et_pb_image src=&#8221;https:\/\/www.azescaperoom.es\/escaperoomterror\/wp-content\/uploads\/2025\/06\/2023101722461587_4.jpg&#8221; title_text=&#8221;2023101722461587_4&#8243; _builder_version=&#8221;4.22.2&#8243; _module_preset=&#8221;default&#8221; width=&#8221;100%&#8221; global_colors_info=&#8221;{}&#8221;][\/et_pb_image][\/et_pb_column][et_pb_column type=&#8221;3_5&#8243; _builder_version=&#8221;4.22.2&#8243; _module_preset=&#8221;default&#8221; global_colors_info=&#8221;{}&#8221;][et_pb_text _builder_version=&#8221;4.22.2&#8243; _module_preset=&#8221;default&#8221; text_font=&#8221;Barlow||||||||&#8221; text_text_color=&#8221;#FFFFFF&#8221; text_font_size=&#8221;18px&#8221; text_line_height=&#8221;1.6em&#8221; text_orientation=&#8221;center&#8221; locked=&#8221;off&#8221; global_colors_info=&#8221;{}&#8221;]<\/p>\n<p style=\"text-align: justify;\">Os acab\u00e1is de despertar en un lugar desconocido y sin recuerdos de qui\u00e9nes sois o c\u00f3mo llegaste aqu\u00ed. Despert\u00e1is en una cl\u00ednica mugrienta, atado a una camilla y con un terrible dolor de cabeza.<\/p>\n<p style=\"text-align: justify;\">El ambiente est\u00e1 impregnado de una sensaci\u00f3n de incertidumbre y misterio. Solo sab\u00e9is que deb\u00e9is encontrar a Cheryl, pero Silent Town no es solo un lugar\u2026 es un reflejo de la conciencia, y cuanto m\u00e1s tiempo pasa all\u00ed, m\u00e1s se borra la l\u00ednea entre la realidad y la locura.<\/p>\n<p style=\"text-align: justify;\">Si quieres sobrevivir, deber\u00e1s salir de aqu\u00ed sin que te vean, mientras enfrentas tus miedos e intentas salvar a tu hija.<\/p>\n<p>[\/et_pb_text][\/et_pb_column][\/et_pb_row][\/et_pb_section][et_pb_section fb_built=&#8221;1&#8243; _builder_version=&#8221;4.22.2&#8243; _module_preset=&#8221;default&#8221; background_image=&#8221;https:\/\/www.azescaperoom.es\/escaperoomterror\/wp-content\/uploads\/2023\/11\/reviews-bg.webp&#8221; background_position=&#8221;top_center&#8221; min_height=&#8221;165px&#8221; custom_padding=&#8221;||0px|||&#8221; global_colors_info=&#8221;{}&#8221;][et_pb_row _builder_version=&#8221;4.22.2&#8243; _module_preset=&#8221;default&#8221; custom_padding=&#8221;0px|||||&#8221; locked=&#8221;off&#8221; global_colors_info=&#8221;{}&#8221;][et_pb_column type=&#8221;4_4&#8243; _builder_version=&#8221;4.22.2&#8243; _module_preset=&#8221;default&#8221; global_colors_info=&#8221;{}&#8221;][et_pb_text _builder_version=&#8221;4.22.2&#8243; _module_preset=&#8221;default&#8221; header_2_font=&#8221;Acme|700|||||||&#8221; header_2_text_align=&#8221;center&#8221; header_2_text_color=&#8221;#cccccc&#8221; header_2_font_size=&#8221;35px&#8221; header_2_line_height=&#8221;1.2em&#8221; custom_margin=&#8221;25px||||false|false&#8221; global_colors_info=&#8221;{}&#8221;]<\/p>\n<h2><span style=\"color: #00c9d3;\">\u00bfQu\u00e9 fuerza atrae a los que ocultan secretos\u2026 y por qu\u00e9 todos terminan en Silent Town?<\/span><\/h2>\n<p>[\/et_pb_text][\/et_pb_column][\/et_pb_row][\/et_pb_section][et_pb_section fb_built=&#8221;1&#8243; _builder_version=&#8221;4.22.2&#8243; _module_preset=&#8221;default&#8221; background_image=&#8221;https:\/\/www.azescaperoom.es\/escaperoomterror\/wp-content\/uploads\/2023\/11\/tickets-bg.webp&#8221; locked=&#8221;off&#8221; global_colors_info=&#8221;{}&#8221;][et_pb_row _builder_version=&#8221;4.22.2&#8243; _module_preset=&#8221;default&#8221; global_colors_info=&#8221;{}&#8221;][et_pb_column type=&#8221;4_4&#8243; _builder_version=&#8221;4.22.2&#8243; _module_preset=&#8221;default&#8221; global_colors_info=&#8221;{}&#8221;][et_pb_text _builder_version=&#8221;4.22.2&#8243; _module_preset=&#8221;default&#8221; text_font=&#8221;Barlow||||||||&#8221; text_text_color=&#8221;#FFFFFF&#8221; text_font_size=&#8221;18px&#8221; text_line_height=&#8221;1.6em&#8221; locked=&#8221;off&#8221; global_colors_info=&#8221;{}&#8221;]<\/p>\n<p style=\"text-align: left;\"><span style=\"text-decoration: underline; color: #00c9d3;\"><strong>\u00bfQu\u00e9 os vais a encontrar como jugadores?<\/strong><\/span><\/p>\n<p style=\"text-align: left;\">Un escape room con actores donde pondr\u00e9is a prueba vuestro ser al completo; mental, f\u00edsica y psicol\u00f3gicamente. Un escape room donde vivir\u00e9is situaciones poco comunes y momentos de tensi\u00f3n.<\/p>\n<p style=\"text-align: left;\">\u00bfQu\u00e9 es realidad y qu\u00e9 es ficci\u00f3n? Eso debes averiguarlo por ti mismo.<\/p>\n<p style=\"text-align: left;\"><span style=\"color: #00c9d3;\"><strong><span style=\"text-decoration: underline;\">\u00bfCu\u00e1nto dura?<\/span><\/strong><\/span><\/p>\n<p style=\"text-align: left;\">La experiencia est\u00e1 dise\u00f1ada para durar entre 180 y 200 minutos.<\/p>\n<p>[\/et_pb_text][\/et_pb_column][\/et_pb_row][et_pb_row _builder_version=&#8221;4.22.2&#8243; _module_preset=&#8221;default&#8221; global_colors_info=&#8221;{}&#8221;][et_pb_column type=&#8221;4_4&#8243; _builder_version=&#8221;4.22.2&#8243; _module_preset=&#8221;default&#8221; global_colors_info=&#8221;{}&#8221;][et_pb_text _builder_version=&#8221;4.22.2&#8243; _module_preset=&#8221;default&#8221; header_2_font=&#8221;Acme|700|||||||&#8221; header_2_text_align=&#8221;center&#8221; header_2_text_color=&#8221;#FFFFFF&#8221; header_2_font_size=&#8221;45px&#8221; hover_enabled=&#8221;0&#8243; global_colors_info=&#8221;{}&#8221; text_font_size=&#8221;15px&#8221; sticky_enabled=&#8221;0&#8243;]<\/p>\n<h2><span style=\"color: #00c9d3;\">PR\u00d3XIMAMENTE<\/span><\/h2>\n<p>[\/et_pb_text][et_pb_text _builder_version=&#8221;4.22.2&#8243; _module_preset=&#8221;default&#8221; header_2_font=&#8221;Acme|700|||||||&#8221; header_2_text_align=&#8221;center&#8221; header_2_text_color=&#8221;#cccccc&#8221; header_2_font_size=&#8221;35px&#8221; header_2_line_height=&#8221;1.2em&#8221; custom_margin=&#8221;25px||||false|false&#8221; hover_enabled=&#8221;0&#8243; global_colors_info=&#8221;{}&#8221; text_font_size=&#8221;8px&#8221; sticky_enabled=&#8221;0&#8243;]<\/p>\n<p><span style=\"color: #ffffff; font-size: medium;\">La niebla a\u00fan no lo cubre todo. El bono regalo ya est\u00e1 disponible para que seas el primero en descubrir el despertar de Silent Town.<\/span><\/p>\n<p>[\/et_pb_text][et_pb_code _builder_version=&#8221;4.22.2&#8243; _module_preset=&#8221;default&#8221; locked=&#8221;off&#8221; global_colors_info=&#8221;{}&#8221;]<\/p>\n<div id=\"app\" data-type=\"booking\" data-calendarstyle=\"Dark\" data-textstyle=\"Dark\" data-game=\"101377\" data-calendar=\"101377\" data-lang=\"es\" data-token=\"nUdoRqmFYzHveuFH\"><\/div>\n<p>[\/et_pb_code][\/et_pb_column][\/et_pb_row][\/et_pb_section]<\/p>\n","protected":false},"excerpt":{"rendered":"<p>SILENT TOWN &#8211; VERSI\u00d3N COMPLETAOs acab\u00e1is de despertar en un lugar desconocido y sin recuerdos de qui\u00e9nes sois o c\u00f3mo llegaste aqu\u00ed. Despert\u00e1is en una cl\u00ednica mugrienta, atado a una camilla y con un terrible dolor de cabeza. El ambiente est\u00e1 impregnado de una sensaci\u00f3n de incertidumbre y misterio. Solo sab\u00e9is que deb\u00e9is encontrar a [&hellip;]<\/p>\n","protected":false},"author":2,"featured_media":0,"parent":0,"menu_order":0,"comment_status":"closed","ping_status":"closed","template":"","meta":{"_et_pb_use_builder":"on","_et_pb_old_content":"","_et_gb_content_width":"","footnotes":""},"class_list":["post-257","page","type-page","status-publish","hentry"],"yoast_head":"<!-- This site is optimized with the Yoast SEO plugin v21.3 - https:\/\/yoast.com\/wordpress\/plugins\/seo\/ -->\n<title>Silent Town completa - Escape room Bilbao<\/title>\n<meta name=\"robots\" content=\"index, follow, max-snippet:-1, max-image-preview:large, max-video-preview:-1\" \/>\n<link rel=\"canonical\" href=\"https:\/\/www.azescaperoom.es\/escaperoomterror\/escaperoom-silenthill-full\/\" \/>\n<meta property=\"og:locale\" content=\"en_US\" \/>\n<meta property=\"og:type\" content=\"article\" \/>\n<meta property=\"og:title\" content=\"Silent Town completa - Escape room Bilbao\" \/>\n<meta property=\"og:description\" content=\"SILENT TOWN - VERSI\u00d3N COMPLETAOs acab\u00e1is de despertar en un lugar desconocido y sin recuerdos de qui\u00e9nes sois o c\u00f3mo llegaste aqu\u00ed. Despert\u00e1is en una cl\u00ednica mugrienta, atado a una camilla y con un terrible dolor de cabeza. El ambiente est\u00e1 impregnado de una sensaci\u00f3n de incertidumbre y misterio. Solo sab\u00e9is que deb\u00e9is encontrar a [&hellip;]\" \/>\n<meta property=\"og:url\" content=\"https:\/\/www.azescaperoom.es\/escaperoomterror\/escaperoom-silenthill-full\/\" \/>\n<meta property=\"og:site_name\" content=\"Escape room Bilbao\" \/>\n<meta property=\"article:modified_time\" content=\"2025-12-30T10:09:46+00:00\" \/>\n<meta name=\"twitter:card\" content=\"summary_large_image\" \/>\n<meta name=\"twitter:label1\" content=\"Est. reading time\" \/>\n\t<meta name=\"twitter:data1\" content=\"2 minutes\" \/>\n<script type=\"application\/ld+json\" class=\"yoast-schema-graph\">{\"@context\":\"https:\/\/schema.org\",\"@graph\":[{\"@type\":\"WebPage\",\"@id\":\"https:\/\/www.azescaperoom.es\/escaperoomterror\/escaperoom-silenthill-full\/\",\"url\":\"https:\/\/www.azescaperoom.es\/escaperoomterror\/escaperoom-silenthill-full\/\",\"name\":\"Silent Town completa - Escape room Bilbao\",\"isPartOf\":{\"@id\":\"https:\/\/www.azescaperoom.es\/escaperoomterror\/#website\"},\"datePublished\":\"2024-12-26T19:18:20+00:00\",\"dateModified\":\"2025-12-30T10:09:46+00:00\",\"breadcrumb\":{\"@id\":\"https:\/\/www.azescaperoom.es\/escaperoomterror\/escaperoom-silenthill-full\/#breadcrumb\"},\"inLanguage\":\"en-US\",\"potentialAction\":[{\"@type\":\"ReadAction\",\"target\":[\"https:\/\/www.azescaperoom.es\/escaperoomterror\/escaperoom-silenthill-full\/\"]}]},{\"@type\":\"BreadcrumbList\",\"@id\":\"https:\/\/www.azescaperoom.es\/escaperoomterror\/escaperoom-silenthill-full\/#breadcrumb\",\"itemListElement\":[{\"@type\":\"ListItem\",\"position\":1,\"name\":\"Portada\",\"item\":\"https:\/\/www.azescaperoom.es\/escaperoomterror\/\"},{\"@type\":\"ListItem\",\"position\":2,\"name\":\"Silent Town completa\"}]},{\"@type\":\"WebSite\",\"@id\":\"https:\/\/www.azescaperoom.es\/escaperoomterror\/#website\",\"url\":\"https:\/\/www.azescaperoom.es\/escaperoomterror\/\",\"name\":\"Escape Room Cruces del diablo\",\"description\":\"Bluescape Room\",\"publisher\":{\"@id\":\"https:\/\/www.azescaperoom.es\/escaperoomterror\/#organization\"},\"potentialAction\":[{\"@type\":\"SearchAction\",\"target\":{\"@type\":\"EntryPoint\",\"urlTemplate\":\"https:\/\/www.azescaperoom.es\/escaperoomterror\/?s={search_term_string}\"},\"query-input\":\"required name=search_term_string\"}],\"inLanguage\":\"en-US\"},{\"@type\":\"Organization\",\"@id\":\"https:\/\/www.azescaperoom.es\/escaperoomterror\/#organization\",\"name\":\"Cruces del diablo\",\"url\":\"https:\/\/www.azescaperoom.es\/escaperoomterror\/\",\"logo\":{\"@type\":\"ImageObject\",\"inLanguage\":\"en-US\",\"@id\":\"https:\/\/www.azescaperoom.es\/escaperoomterror\/#\/schema\/logo\/image\/\",\"url\":\"https:\/\/www.azescaperoom.es\/escaperoomterror\/wp-content\/uploads\/2023\/10\/Logo-cruces.jpg\",\"contentUrl\":\"https:\/\/www.azescaperoom.es\/escaperoomterror\/wp-content\/uploads\/2023\/10\/Logo-cruces.jpg\",\"width\":640,\"height\":832,\"caption\":\"Cruces del diablo\"},\"image\":{\"@id\":\"https:\/\/www.azescaperoom.es\/escaperoomterror\/#\/schema\/logo\/image\/\"}}]}<\/script>\n<!-- \/ Yoast SEO plugin. -->","yoast_head_json":{"title":"Silent Town completa - Escape room Bilbao","robots":{"index":"index","follow":"follow","max-snippet":"max-snippet:-1","max-image-preview":"max-image-preview:large","max-video-preview":"max-video-preview:-1"},"canonical":"https:\/\/www.azescaperoom.es\/escaperoomterror\/escaperoom-silenthill-full\/","og_locale":"en_US","og_type":"article","og_title":"Silent Town completa - Escape room Bilbao","og_description":"SILENT TOWN - VERSI\u00d3N COMPLETAOs acab\u00e1is de despertar en un lugar desconocido y sin recuerdos de qui\u00e9nes sois o c\u00f3mo llegaste aqu\u00ed. Despert\u00e1is en una cl\u00ednica mugrienta, atado a una camilla y con un terrible dolor de cabeza. El ambiente est\u00e1 impregnado de una sensaci\u00f3n de incertidumbre y misterio. Solo sab\u00e9is que deb\u00e9is encontrar a [&hellip;]","og_url":"https:\/\/www.azescaperoom.es\/escaperoomterror\/escaperoom-silenthill-full\/","og_site_name":"Escape room Bilbao","article_modified_time":"2025-12-30T10:09:46+00:00","twitter_card":"summary_large_image","twitter_misc":{"Est. reading time":"2 minutes"},"schema":{"@context":"https:\/\/schema.org","@graph":[{"@type":"WebPage","@id":"https:\/\/www.azescaperoom.es\/escaperoomterror\/escaperoom-silenthill-full\/","url":"https:\/\/www.azescaperoom.es\/escaperoomterror\/escaperoom-silenthill-full\/","name":"Silent Town completa - Escape room Bilbao","isPartOf":{"@id":"https:\/\/www.azescaperoom.es\/escaperoomterror\/#website"},"datePublished":"2024-12-26T19:18:20+00:00","dateModified":"2025-12-30T10:09:46+00:00","breadcrumb":{"@id":"https:\/\/www.azescaperoom.es\/escaperoomterror\/escaperoom-silenthill-full\/#breadcrumb"},"inLanguage":"en-US","potentialAction":[{"@type":"ReadAction","target":["https:\/\/www.azescaperoom.es\/escaperoomterror\/escaperoom-silenthill-full\/"]}]},{"@type":"BreadcrumbList","@id":"https:\/\/www.azescaperoom.es\/escaperoomterror\/escaperoom-silenthill-full\/#breadcrumb","itemListElement":[{"@type":"ListItem","position":1,"name":"Portada","item":"https:\/\/www.azescaperoom.es\/escaperoomterror\/"},{"@type":"ListItem","position":2,"name":"Silent Town completa"}]},{"@type":"WebSite","@id":"https:\/\/www.azescaperoom.es\/escaperoomterror\/#website","url":"https:\/\/www.azescaperoom.es\/escaperoomterror\/","name":"Escape Room Cruces del diablo","description":"Bluescape Room","publisher":{"@id":"https:\/\/www.azescaperoom.es\/escaperoomterror\/#organization"},"potentialAction":[{"@type":"SearchAction","target":{"@type":"EntryPoint","urlTemplate":"https:\/\/www.azescaperoom.es\/escaperoomterror\/?s={search_term_string}"},"query-input":"required name=search_term_string"}],"inLanguage":"en-US"},{"@type":"Organization","@id":"https:\/\/www.azescaperoom.es\/escaperoomterror\/#organization","name":"Cruces del diablo","url":"https:\/\/www.azescaperoom.es\/escaperoomterror\/","logo":{"@type":"ImageObject","inLanguage":"en-US","@id":"https:\/\/www.azescaperoom.es\/escaperoomterror\/#\/schema\/logo\/image\/","url":"https:\/\/www.azescaperoom.es\/escaperoomterror\/wp-content\/uploads\/2023\/10\/Logo-cruces.jpg","contentUrl":"https:\/\/www.azescaperoom.es\/escaperoomterror\/wp-content\/uploads\/2023\/10\/Logo-cruces.jpg","width":640,"height":832,"caption":"Cruces del diablo"},"image":{"@id":"https:\/\/www.azescaperoom.es\/escaperoomterror\/#\/schema\/logo\/image\/"}}]}},"_links":{"self":[{"href":"https:\/\/www.azescaperoom.es\/escaperoomterror\/wp-json\/wp\/v2\/pages\/257","targetHints":{"allow":["GET"]}}],"collection":[{"href":"https:\/\/www.azescaperoom.es\/escaperoomterror\/wp-json\/wp\/v2\/pages"}],"about":[{"href":"https:\/\/www.azescaperoom.es\/escaperoomterror\/wp-json\/wp\/v2\/types\/page"}],"author":[{"embeddable":true,"href":"https:\/\/www.azescaperoom.es\/escaperoomterror\/wp-json\/wp\/v2\/users\/2"}],"replies":[{"embeddable":true,"href":"https:\/\/www.azescaperoom.es\/escaperoomterror\/wp-json\/wp\/v2\/comments?post=257"}],"version-history":[{"count":19,"href":"https:\/\/www.azescaperoom.es\/escaperoomterror\/wp-json\/wp\/v2\/pages\/257\/revisions"}],"predecessor-version":[{"id":553,"href":"https:\/\/www.azescaperoom.es\/escaperoomterror\/wp-json\/wp\/v2\/pages\/257\/revisions\/553"}],"wp:attachment":[{"href":"https:\/\/www.azescaperoom.es\/escaperoomterror\/wp-json\/wp\/v2\/media?parent=257"}],"curies":[{"name":"wp","href":"https:\/\/api.w.org\/{rel}","templated":true}]}}