{"id":192,"date":"2024-01-14T20:02:04","date_gmt":"2024-01-14T20:02:04","guid":{"rendered":"https:\/\/www.azescaperoom.es\/escaperoomterror\/?page_id=192"},"modified":"2025-12-30T10:19:01","modified_gmt":"2025-12-30T10:19:01","slug":"escape-room-silenthill-2","status":"publish","type":"page","link":"https:\/\/www.azescaperoom.es\/escaperoomterror\/escape-room-silenthill-2\/","title":{"rendered":"Silent Town parte II"},"content":{"rendered":"<p>[et_pb_section fb_built=&#8221;1&#8243; _builder_version=&#8221;4.22.2&#8243; _module_preset=&#8221;default&#8221; background_image=&#8221;https:\/\/www.azescaperoom.es\/escaperoomterror\/wp-content\/uploads\/2023\/11\/att-gal.webp&#8221; global_colors_info=&#8221;{}&#8221;][et_pb_row _builder_version=&#8221;4.22.2&#8243; _module_preset=&#8221;default&#8221; global_colors_info=&#8221;{}&#8221;][et_pb_column type=&#8221;4_4&#8243; _builder_version=&#8221;4.22.2&#8243; _module_preset=&#8221;default&#8221; global_colors_info=&#8221;{}&#8221;][et_pb_text _builder_version=&#8221;4.22.2&#8243; _module_preset=&#8221;default&#8221; text_font_size=&#8221;100px&#8221; header_2_font=&#8221;Acme|700|||||||&#8221; header_2_text_align=&#8221;center&#8221; header_2_text_color=&#8221;#FFFFFF&#8221; header_2_font_size=&#8221;45px&#8221; global_colors_info=&#8221;{}&#8221;]<\/p>\n<h2><span style=\"color: #00c9d3;\">SILENT TOWN PARTE II<\/span><\/h2>\n<p>[\/et_pb_text][\/et_pb_column][\/et_pb_row][et_pb_row column_structure=&#8221;1_4,1_2,1_4&#8243; _builder_version=&#8221;4.22.2&#8243; _module_preset=&#8221;default&#8221; global_colors_info=&#8221;{}&#8221;][et_pb_column type=&#8221;1_4&#8243; _builder_version=&#8221;4.22.2&#8243; _module_preset=&#8221;default&#8221; global_colors_info=&#8221;{}&#8221;][et_pb_image src=&#8221;https:\/\/www.azescaperoom.es\/escaperoomterror\/wp-content\/uploads\/2025\/06\/c8f1ae7ea566bc2626b6cc29de529544.jpg&#8221; title_text=&#8221;c8f1ae7ea566bc2626b6cc29de529544&#8243; align=&#8221;center&#8221; _builder_version=&#8221;4.22.2&#8243; _module_preset=&#8221;default&#8221; width=&#8221;80%&#8221; custom_padding=&#8221;|0px||||&#8221; global_colors_info=&#8221;{}&#8221;][\/et_pb_image][\/et_pb_column][et_pb_column type=&#8221;1_2&#8243; _builder_version=&#8221;4.22.2&#8243; _module_preset=&#8221;default&#8221; global_colors_info=&#8221;{}&#8221;][et_pb_text _builder_version=&#8221;4.22.2&#8243; _module_preset=&#8221;default&#8221; text_font=&#8221;Barlow||||||||&#8221; text_text_color=&#8221;#FFFFFF&#8221; text_font_size=&#8221;18px&#8221; text_line_height=&#8221;1.6em&#8221; text_orientation=&#8221;center&#8221; custom_padding=&#8221;|0px||||&#8221; locked=&#8221;off&#8221; global_colors_info=&#8221;{}&#8221;]<\/p>\n<p data-start=\"243\" data-end=\"536\" style=\"text-align: justify;\">\n<p data-start=\"243\" data-end=\"536\" style=\"text-align: justify;\">\n<p data-start=\"243\" data-end=\"536\" style=\"text-align: justify;\">Una carta llegada desde el m\u00e1s all\u00e1 lleva a James al enigm\u00e1tico pueblo de Silent Town, supuestamente escrita por su esposa\u2026 quien muri\u00f3 hace a\u00f1os. Al llegar, el pueblo est\u00e1 cubierto de niebla, silencio inquietante y figuras que parecen cobrar vida desde lo m\u00e1s profundo de la mente.<\/p>\n<p data-start=\"538\" data-end=\"870\" style=\"text-align: justify;\">Pero Silent Town no es solo un lugar\u2026 es un reflejo de la conciencia, y cuanto m\u00e1s tiempo pasas all\u00ed, m\u00e1s se borra la l\u00ednea entre la realidad y la locura.<\/p>\n<p>[\/et_pb_text][\/et_pb_column][et_pb_column type=&#8221;1_4&#8243; _builder_version=&#8221;4.22.2&#8243; _module_preset=&#8221;default&#8221; global_colors_info=&#8221;{}&#8221;][et_pb_video src=&#8221;https:\/\/www.azescaperoom.es\/escaperoomterror\/wp-content\/uploads\/2025\/12\/Silent-Town-Parte-II-Trailer.mp4&#8243; _builder_version=&#8221;4.22.2&#8243; _module_preset=&#8221;default&#8221; width=&#8221;83.9%&#8221; module_alignment=&#8221;center&#8221; custom_margin=&#8221;||0px||false|false&#8221; custom_padding=&#8221;|1px||0px||&#8221; hover_enabled=&#8221;0&#8243; global_colors_info=&#8221;{}&#8221; title_text=&#8221;Captura de pantalla 2025-12-30 111645&#8243; image_src=&#8221;https:\/\/www.azescaperoom.es\/escaperoomterror\/wp-content\/uploads\/2025\/12\/Captura-de-pantalla-2025-12-30-111645.png&#8221; sticky_enabled=&#8221;0&#8243;][\/et_pb_video][\/et_pb_column][\/et_pb_row][\/et_pb_section][et_pb_section fb_built=&#8221;1&#8243; _builder_version=&#8221;4.22.2&#8243; _module_preset=&#8221;default&#8221; background_image=&#8221;https:\/\/www.azescaperoom.es\/escaperoomterror\/wp-content\/uploads\/2023\/11\/reviews-bg.webp&#8221; background_position=&#8221;top_center&#8221; min_height=&#8221;118px&#8221; custom_padding=&#8221;0px||7px|||&#8221; global_colors_info=&#8221;{}&#8221;][et_pb_row _builder_version=&#8221;4.22.2&#8243; _module_preset=&#8221;default&#8221; locked=&#8221;off&#8221; global_colors_info=&#8221;{}&#8221;][et_pb_column type=&#8221;4_4&#8243; _builder_version=&#8221;4.22.2&#8243; _module_preset=&#8221;default&#8221; global_colors_info=&#8221;{}&#8221;][et_pb_text _builder_version=&#8221;4.22.2&#8243; _module_preset=&#8221;default&#8221; header_2_font=&#8221;Acme|700|||||||&#8221; header_2_text_align=&#8221;center&#8221; header_2_text_color=&#8221;#cccccc&#8221; header_2_font_size=&#8221;35px&#8221; header_2_line_height=&#8221;1.2em&#8221; custom_margin=&#8221;25px||||false|false&#8221; global_colors_info=&#8221;{}&#8221;]<\/p>\n<h2><span style=\"color: #00c9d3;\">\u00bfY si el lugar al que entras no estuviera maldito\u2026 sino hecho a tu medida?<\/span><\/h2>\n<p>[\/et_pb_text][\/et_pb_column][\/et_pb_row][\/et_pb_section][et_pb_section fb_built=&#8221;1&#8243; _builder_version=&#8221;4.22.2&#8243; _module_preset=&#8221;default&#8221; background_image=&#8221;https:\/\/www.azescaperoom.es\/escaperoomterror\/wp-content\/uploads\/2023\/11\/tickets-bg.webp&#8221; locked=&#8221;off&#8221; global_colors_info=&#8221;{}&#8221;][et_pb_row _builder_version=&#8221;4.22.2&#8243; _module_preset=&#8221;default&#8221; global_colors_info=&#8221;{}&#8221;][et_pb_column type=&#8221;4_4&#8243; _builder_version=&#8221;4.22.2&#8243; _module_preset=&#8221;default&#8221; global_colors_info=&#8221;{}&#8221;][et_pb_text _builder_version=&#8221;4.22.2&#8243; _module_preset=&#8221;default&#8221; header_2_font=&#8221;Acme|700|||||||&#8221; header_2_text_align=&#8221;center&#8221; header_2_text_color=&#8221;#FFFFFF&#8221; header_2_font_size=&#8221;45px&#8221; global_colors_info=&#8221;{}&#8221;]<\/p>\n<h2><span style=\"color: #00ffff;\">PR\u00d3XIMAMENTE<\/span><\/h2>\n<p>[\/et_pb_text][et_pb_text _builder_version=&#8221;4.22.2&#8243; _module_preset=&#8221;default&#8221; text_text_color=&#8221;#FFFFFF&#8221; text_font_size=&#8221;7px&#8221; header_2_font=&#8221;Acme|700|||||||&#8221; header_2_text_align=&#8221;center&#8221; header_2_text_color=&#8221;#cccccc&#8221; header_2_font_size=&#8221;35px&#8221; header_2_line_height=&#8221;1.2em&#8221; width=&#8221;100%&#8221; max_width=&#8221;100%&#8221; custom_margin=&#8221;25px||||false|false&#8221; global_colors_info=&#8221;{}&#8221; inline_fonts=&#8221;ABeeZee&#8221;]<\/p>\n<h2 style=\"text-align: justify;\"><span style=\"color: #ffffff; font-family: ABeeZee; font-weight: normal; font-size: medium;\">La niebla a\u00fan no lo cubre todo. El bono regalo ya est\u00e1 disponible para que seas el primero en descubrir el despertar de Silent Town.<\/span><\/h2>\n<p>[\/et_pb_text][et_pb_code _builder_version=&#8221;4.22.2&#8243; _module_preset=&#8221;default&#8221; global_colors_info=&#8221;{}&#8221;]<\/p>\n<div id=\"app\" data-type=\"booking\" data-calendarstyle=\"Dark\" data-textstyle=\"Dark\" data-game=\"101375\" data-calendar=\"101375\" data-lang=\"es\" data-token=\"nUdoRqmFYzHveuFH\"><\/div>\n<p>[\/et_pb_code][\/et_pb_column][\/et_pb_row][\/et_pb_section]<\/p>\n","protected":false},"excerpt":{"rendered":"<p>SILENT TOWN PARTE II Una carta llegada desde el m\u00e1s all\u00e1 lleva a James al enigm\u00e1tico pueblo de Silent Town, supuestamente escrita por su esposa\u2026 quien muri\u00f3 hace a\u00f1os. Al llegar, el pueblo est\u00e1 cubierto de niebla, silencio inquietante y figuras que parecen cobrar vida desde lo m\u00e1s profundo de la mente. Pero Silent Town [&hellip;]<\/p>\n","protected":false},"author":1,"featured_media":0,"parent":0,"menu_order":0,"comment_status":"closed","ping_status":"closed","template":"","meta":{"_et_pb_use_builder":"on","_et_pb_old_content":"","_et_gb_content_width":"","footnotes":""},"class_list":["post-192","page","type-page","status-publish","hentry"],"yoast_head":"<!-- This site is optimized with the Yoast SEO plugin v21.3 - https:\/\/yoast.com\/wordpress\/plugins\/seo\/ -->\n<title>Silent Town parte II - Escape room Bilbao<\/title>\n<meta name=\"robots\" content=\"index, follow, max-snippet:-1, max-image-preview:large, max-video-preview:-1\" \/>\n<link rel=\"canonical\" href=\"https:\/\/www.azescaperoom.es\/escaperoomterror\/escape-room-silenthill-2\/\" \/>\n<meta property=\"og:locale\" content=\"en_US\" \/>\n<meta property=\"og:type\" content=\"article\" \/>\n<meta property=\"og:title\" content=\"Silent Town parte II - Escape room Bilbao\" \/>\n<meta property=\"og:description\" content=\"SILENT TOWN PARTE II Una carta llegada desde el m\u00e1s all\u00e1 lleva a James al enigm\u00e1tico pueblo de Silent Town, supuestamente escrita por su esposa\u2026 quien muri\u00f3 hace a\u00f1os. Al llegar, el pueblo est\u00e1 cubierto de niebla, silencio inquietante y figuras que parecen cobrar vida desde lo m\u00e1s profundo de la mente. Pero Silent Town [&hellip;]\" \/>\n<meta property=\"og:url\" content=\"https:\/\/www.azescaperoom.es\/escaperoomterror\/escape-room-silenthill-2\/\" \/>\n<meta property=\"og:site_name\" content=\"Escape room Bilbao\" \/>\n<meta property=\"article:modified_time\" content=\"2025-12-30T10:19:01+00:00\" \/>\n<meta name=\"twitter:card\" content=\"summary_large_image\" \/>\n<script type=\"application\/ld+json\" class=\"yoast-schema-graph\">{\"@context\":\"https:\/\/schema.org\",\"@graph\":[{\"@type\":\"WebPage\",\"@id\":\"https:\/\/www.azescaperoom.es\/escaperoomterror\/escape-room-silenthill-2\/\",\"url\":\"https:\/\/www.azescaperoom.es\/escaperoomterror\/escape-room-silenthill-2\/\",\"name\":\"Silent Town parte II - Escape room Bilbao\",\"isPartOf\":{\"@id\":\"https:\/\/www.azescaperoom.es\/escaperoomterror\/#website\"},\"datePublished\":\"2024-01-14T20:02:04+00:00\",\"dateModified\":\"2025-12-30T10:19:01+00:00\",\"breadcrumb\":{\"@id\":\"https:\/\/www.azescaperoom.es\/escaperoomterror\/escape-room-silenthill-2\/#breadcrumb\"},\"inLanguage\":\"en-US\",\"potentialAction\":[{\"@type\":\"ReadAction\",\"target\":[\"https:\/\/www.azescaperoom.es\/escaperoomterror\/escape-room-silenthill-2\/\"]}]},{\"@type\":\"BreadcrumbList\",\"@id\":\"https:\/\/www.azescaperoom.es\/escaperoomterror\/escape-room-silenthill-2\/#breadcrumb\",\"itemListElement\":[{\"@type\":\"ListItem\",\"position\":1,\"name\":\"Portada\",\"item\":\"https:\/\/www.azescaperoom.es\/escaperoomterror\/\"},{\"@type\":\"ListItem\",\"position\":2,\"name\":\"Silent Town parte II\"}]},{\"@type\":\"WebSite\",\"@id\":\"https:\/\/www.azescaperoom.es\/escaperoomterror\/#website\",\"url\":\"https:\/\/www.azescaperoom.es\/escaperoomterror\/\",\"name\":\"Escape Room Cruces del diablo\",\"description\":\"Bluescape Room\",\"publisher\":{\"@id\":\"https:\/\/www.azescaperoom.es\/escaperoomterror\/#organization\"},\"potentialAction\":[{\"@type\":\"SearchAction\",\"target\":{\"@type\":\"EntryPoint\",\"urlTemplate\":\"https:\/\/www.azescaperoom.es\/escaperoomterror\/?s={search_term_string}\"},\"query-input\":\"required name=search_term_string\"}],\"inLanguage\":\"en-US\"},{\"@type\":\"Organization\",\"@id\":\"https:\/\/www.azescaperoom.es\/escaperoomterror\/#organization\",\"name\":\"Cruces del diablo\",\"url\":\"https:\/\/www.azescaperoom.es\/escaperoomterror\/\",\"logo\":{\"@type\":\"ImageObject\",\"inLanguage\":\"en-US\",\"@id\":\"https:\/\/www.azescaperoom.es\/escaperoomterror\/#\/schema\/logo\/image\/\",\"url\":\"https:\/\/www.azescaperoom.es\/escaperoomterror\/wp-content\/uploads\/2023\/10\/Logo-cruces.jpg\",\"contentUrl\":\"https:\/\/www.azescaperoom.es\/escaperoomterror\/wp-content\/uploads\/2023\/10\/Logo-cruces.jpg\",\"width\":640,\"height\":832,\"caption\":\"Cruces del diablo\"},\"image\":{\"@id\":\"https:\/\/www.azescaperoom.es\/escaperoomterror\/#\/schema\/logo\/image\/\"}}]}<\/script>\n<!-- \/ Yoast SEO plugin. -->","yoast_head_json":{"title":"Silent Town parte II - Escape room Bilbao","robots":{"index":"index","follow":"follow","max-snippet":"max-snippet:-1","max-image-preview":"max-image-preview:large","max-video-preview":"max-video-preview:-1"},"canonical":"https:\/\/www.azescaperoom.es\/escaperoomterror\/escape-room-silenthill-2\/","og_locale":"en_US","og_type":"article","og_title":"Silent Town parte II - Escape room Bilbao","og_description":"SILENT TOWN PARTE II Una carta llegada desde el m\u00e1s all\u00e1 lleva a James al enigm\u00e1tico pueblo de Silent Town, supuestamente escrita por su esposa\u2026 quien muri\u00f3 hace a\u00f1os. Al llegar, el pueblo est\u00e1 cubierto de niebla, silencio inquietante y figuras que parecen cobrar vida desde lo m\u00e1s profundo de la mente. Pero Silent Town [&hellip;]","og_url":"https:\/\/www.azescaperoom.es\/escaperoomterror\/escape-room-silenthill-2\/","og_site_name":"Escape room Bilbao","article_modified_time":"2025-12-30T10:19:01+00:00","twitter_card":"summary_large_image","schema":{"@context":"https:\/\/schema.org","@graph":[{"@type":"WebPage","@id":"https:\/\/www.azescaperoom.es\/escaperoomterror\/escape-room-silenthill-2\/","url":"https:\/\/www.azescaperoom.es\/escaperoomterror\/escape-room-silenthill-2\/","name":"Silent Town parte II - Escape room Bilbao","isPartOf":{"@id":"https:\/\/www.azescaperoom.es\/escaperoomterror\/#website"},"datePublished":"2024-01-14T20:02:04+00:00","dateModified":"2025-12-30T10:19:01+00:00","breadcrumb":{"@id":"https:\/\/www.azescaperoom.es\/escaperoomterror\/escape-room-silenthill-2\/#breadcrumb"},"inLanguage":"en-US","potentialAction":[{"@type":"ReadAction","target":["https:\/\/www.azescaperoom.es\/escaperoomterror\/escape-room-silenthill-2\/"]}]},{"@type":"BreadcrumbList","@id":"https:\/\/www.azescaperoom.es\/escaperoomterror\/escape-room-silenthill-2\/#breadcrumb","itemListElement":[{"@type":"ListItem","position":1,"name":"Portada","item":"https:\/\/www.azescaperoom.es\/escaperoomterror\/"},{"@type":"ListItem","position":2,"name":"Silent Town parte II"}]},{"@type":"WebSite","@id":"https:\/\/www.azescaperoom.es\/escaperoomterror\/#website","url":"https:\/\/www.azescaperoom.es\/escaperoomterror\/","name":"Escape Room Cruces del diablo","description":"Bluescape Room","publisher":{"@id":"https:\/\/www.azescaperoom.es\/escaperoomterror\/#organization"},"potentialAction":[{"@type":"SearchAction","target":{"@type":"EntryPoint","urlTemplate":"https:\/\/www.azescaperoom.es\/escaperoomterror\/?s={search_term_string}"},"query-input":"required name=search_term_string"}],"inLanguage":"en-US"},{"@type":"Organization","@id":"https:\/\/www.azescaperoom.es\/escaperoomterror\/#organization","name":"Cruces del diablo","url":"https:\/\/www.azescaperoom.es\/escaperoomterror\/","logo":{"@type":"ImageObject","inLanguage":"en-US","@id":"https:\/\/www.azescaperoom.es\/escaperoomterror\/#\/schema\/logo\/image\/","url":"https:\/\/www.azescaperoom.es\/escaperoomterror\/wp-content\/uploads\/2023\/10\/Logo-cruces.jpg","contentUrl":"https:\/\/www.azescaperoom.es\/escaperoomterror\/wp-content\/uploads\/2023\/10\/Logo-cruces.jpg","width":640,"height":832,"caption":"Cruces del diablo"},"image":{"@id":"https:\/\/www.azescaperoom.es\/escaperoomterror\/#\/schema\/logo\/image\/"}}]}},"_links":{"self":[{"href":"https:\/\/www.azescaperoom.es\/escaperoomterror\/wp-json\/wp\/v2\/pages\/192","targetHints":{"allow":["GET"]}}],"collection":[{"href":"https:\/\/www.azescaperoom.es\/escaperoomterror\/wp-json\/wp\/v2\/pages"}],"about":[{"href":"https:\/\/www.azescaperoom.es\/escaperoomterror\/wp-json\/wp\/v2\/types\/page"}],"author":[{"embeddable":true,"href":"https:\/\/www.azescaperoom.es\/escaperoomterror\/wp-json\/wp\/v2\/users\/1"}],"replies":[{"embeddable":true,"href":"https:\/\/www.azescaperoom.es\/escaperoomterror\/wp-json\/wp\/v2\/comments?post=192"}],"version-history":[{"count":36,"href":"https:\/\/www.azescaperoom.es\/escaperoomterror\/wp-json\/wp\/v2\/pages\/192\/revisions"}],"predecessor-version":[{"id":557,"href":"https:\/\/www.azescaperoom.es\/escaperoomterror\/wp-json\/wp\/v2\/pages\/192\/revisions\/557"}],"wp:attachment":[{"href":"https:\/\/www.azescaperoom.es\/escaperoomterror\/wp-json\/wp\/v2\/media?parent=192"}],"curies":[{"name":"wp","href":"https:\/\/api.w.org\/{rel}","templated":true}]}}